{"id":384,"date":"2024-10-08T16:32:23","date_gmt":"2024-10-08T14:32:23","guid":{"rendered":"https:\/\/new.dykkerteknikk.no\/?page_id=384"},"modified":"2025-01-27T19:47:41","modified_gmt":"2025-01-27T18:47:41","slug":"projects","status":"publish","type":"page","link":"https:\/\/www.dykkerteknikk.no\/en\/projects\/","title":{"rendered":"Projects"},"content":{"rendered":"<div class=\"gb-grid-wrapper gb-grid-wrapper-e64975b3 gb-query-loop-wrapper\">\n<div class=\"gb-grid-column gb-grid-column-cbbf3a4e gb-query-loop-item post-736 prosjekt type-prosjekt status-publish has-post-thumbnail hentry\"><div class=\"gb-container gb-container-cbbf3a4e\">\n<h2 class=\"gb-headline gb-headline-120c54d0 gb-headline-text\"><a href=\"https:\/\/www.dykkerteknikk.no\/en\/prosjekt\/sjokabel-sandvika\/\">Sj\u00f8kabel Sandvika<\/a><\/h2>\n\n\n<div style=\"height:15px\" aria-hidden=\"true\" class=\"wp-block-spacer\"><\/div>\n\n\n<figure class=\"gb-block-image gb-block-image-6bfe603e\"><a href=\"https:\/\/www.dykkerteknikk.no\/en\/prosjekt\/sjokabel-sandvika\/\"><img decoding=\"async\" width=\"1024\" height=\"467\" src=\"https:\/\/www.dykkerteknikk.no\/wp-content\/uploads\/2025\/01\/12003_Sjoledning_Fornebu_Sandvika_0007-1024x467.jpg\" class=\"gb-image-6bfe603e\" alt=\"\" srcset=\"https:\/\/www.dykkerteknikk.no\/wp-content\/uploads\/2025\/01\/12003_Sjoledning_Fornebu_Sandvika_0007-1024x467.jpg 1024w, https:\/\/www.dykkerteknikk.no\/wp-content\/uploads\/2025\/01\/12003_Sjoledning_Fornebu_Sandvika_0007-300x137.jpg 300w, https:\/\/www.dykkerteknikk.no\/wp-content\/uploads\/2025\/01\/12003_Sjoledning_Fornebu_Sandvika_0007-768x350.jpg 768w, https:\/\/www.dykkerteknikk.no\/wp-content\/uploads\/2025\/01\/12003_Sjoledning_Fornebu_Sandvika_0007-1536x700.jpg 1536w, https:\/\/www.dykkerteknikk.no\/wp-content\/uploads\/2025\/01\/12003_Sjoledning_Fornebu_Sandvika_0007-18x8.jpg 18w, https:\/\/www.dykkerteknikk.no\/wp-content\/uploads\/2025\/01\/12003_Sjoledning_Fornebu_Sandvika_0007.jpg 1543w\" sizes=\"(max-width: 1024px) 100vw, 1024px\" \/><\/a><\/figure>\n\n<div class=\"gb-headline gb-headline-b2414147 clamped-text gb-headline-text\">Levering av sj\u00f8kabel. Utf\u00f8rt med trenching.<\/div>\n\n\n<div style=\"height:20px\" aria-hidden=\"true\" class=\"wp-block-spacer\"><\/div>\n\n\n<a class=\"gb-button gb-button-afc6dfec\" href=\"https:\/\/www.dykkerteknikk.no\/en\/prosjekt\/sjokabel-sandvika\/\"><span class=\"gb-button-text\">Details<\/span><span class=\"gb-icon\"><svg aria-hidden=\"true\" role=\"img\" height=\"1em\" width=\"1em\" viewbox=\"0 0 256 512\" xmlns=\"http:\/\/www.w3.org\/2000\/svg\"><path fill=\"currentColor\" d=\"M224.3 273l-136 136c-9.4 9.4-24.6 9.4-33.9 0l-22.6-22.6c-9.4-9.4-9.4-24.6 0-33.9l96.4-96.4-96.4-96.4c-9.4-9.4-9.4-24.6 0-33.9L54.3 103c9.4-9.4 24.6-9.4 33.9 0l136 136c9.5 9.4 9.5 24.6.1 34z\"><\/path><\/svg><\/span><\/a>\n<\/div><\/div>\n\n<div class=\"gb-grid-column gb-grid-column-cbbf3a4e gb-query-loop-item post-720 prosjekt type-prosjekt status-publish has-post-thumbnail hentry\"><div class=\"gb-container gb-container-cbbf3a4e\">\n<h2 class=\"gb-headline gb-headline-120c54d0 gb-headline-text\"><a href=\"https:\/\/www.dykkerteknikk.no\/en\/prosjekt\/psp-frognerstranda-til-paslipp-skarpsno\/\">PSP &#8211; Frognerstranda til p\u00e5slipp Skarpsno<\/a><\/h2>\n\n\n<div style=\"height:15px\" aria-hidden=\"true\" class=\"wp-block-spacer\"><\/div>\n\n\n<figure class=\"gb-block-image gb-block-image-6bfe603e\"><a href=\"https:\/\/www.dykkerteknikk.no\/en\/prosjekt\/psp-frognerstranda-til-paslipp-skarpsno\/\"><img decoding=\"async\" width=\"1024\" height=\"767\" src=\"https:\/\/www.dykkerteknikk.no\/wp-content\/uploads\/2025\/01\/DJI_0076-1024x767.jpg\" class=\"gb-image-6bfe603e\" alt=\"\" srcset=\"https:\/\/www.dykkerteknikk.no\/wp-content\/uploads\/2025\/01\/DJI_0076-1024x767.jpg 1024w, https:\/\/www.dykkerteknikk.no\/wp-content\/uploads\/2025\/01\/DJI_0076-300x225.jpg 300w, https:\/\/www.dykkerteknikk.no\/wp-content\/uploads\/2025\/01\/DJI_0076-768x576.jpg 768w, https:\/\/www.dykkerteknikk.no\/wp-content\/uploads\/2025\/01\/DJI_0076-1536x1151.jpg 1536w, https:\/\/www.dykkerteknikk.no\/wp-content\/uploads\/2025\/01\/DJI_0076-16x12.jpg 16w, https:\/\/www.dykkerteknikk.no\/wp-content\/uploads\/2025\/01\/DJI_0076.jpg 1920w\" sizes=\"(max-width: 1024px) 100vw, 1024px\" \/><\/a><\/figure>\n\n<div class=\"gb-headline gb-headline-b2414147 clamped-text gb-headline-text\">Prosjekt: Frognerstranda Skarpsno Kunde: VAV Oslo kommune Utf\u00f8relse: Q3 2022 \u2013 Q2 2023 Avdeling: Vann og Avl\u00f8p Omfang 940 meter med \u00f8500 SDR11, 160 meter med \u00f8630 SDR17. Grenr\u00f8r \u00f8500\/500\/630 for felles forbindelse mellom Mellbyedalen \u2013 Skarpsno og Dronning Blanca \u2013 Skarpsno. Gravearbeider. Beskrivelse Oppgradering av PSP fra Dronning Blanca. Dykkerteknikk har levert ny \u00f8500 &#8230; <a title=\"PSP &#8211; Frognerstranda til p\u00e5slipp Skarpsno\" class=\"read-more\" href=\"https:\/\/www.dykkerteknikk.no\/en\/prosjekt\/psp-frognerstranda-til-paslipp-skarpsno\/\" aria-label=\"Read more about PSP &#8211; Frognerstranda til p\u00e5slipp Skarpsno\">Read more<\/a><\/div>\n\n\n<div style=\"height:20px\" aria-hidden=\"true\" class=\"wp-block-spacer\"><\/div>\n\n\n<a class=\"gb-button gb-button-afc6dfec\" href=\"https:\/\/www.dykkerteknikk.no\/en\/prosjekt\/psp-frognerstranda-til-paslipp-skarpsno\/\"><span class=\"gb-button-text\">Details<\/span><span class=\"gb-icon\"><svg aria-hidden=\"true\" role=\"img\" height=\"1em\" width=\"1em\" viewbox=\"0 0 256 512\" xmlns=\"http:\/\/www.w3.org\/2000\/svg\"><path fill=\"currentColor\" d=\"M224.3 273l-136 136c-9.4 9.4-24.6 9.4-33.9 0l-22.6-22.6c-9.4-9.4-9.4-24.6 0-33.9l96.4-96.4-96.4-96.4c-9.4-9.4-9.4-24.6 0-33.9L54.3 103c9.4-9.4 24.6-9.4 33.9 0l136 136c9.5 9.4 9.5 24.6.1 34z\"><\/path><\/svg><\/span><\/a>\n<\/div><\/div>\n<\/div>","protected":false},"excerpt":{"rendered":"","protected":false},"author":1,"featured_media":0,"parent":0,"menu_order":0,"comment_status":"closed","ping_status":"closed","template":"","meta":{"_acf_changed":false,"footnotes":""},"class_list":["post-384","page","type-page","status-publish"],"acf":[],"_links":{"self":[{"href":"https:\/\/www.dykkerteknikk.no\/en\/wp-json\/wp\/v2\/pages\/384","targetHints":{"allow":["GET"]}}],"collection":[{"href":"https:\/\/www.dykkerteknikk.no\/en\/wp-json\/wp\/v2\/pages"}],"about":[{"href":"https:\/\/www.dykkerteknikk.no\/en\/wp-json\/wp\/v2\/types\/page"}],"author":[{"embeddable":true,"href":"https:\/\/www.dykkerteknikk.no\/en\/wp-json\/wp\/v2\/users\/1"}],"replies":[{"embeddable":true,"href":"https:\/\/www.dykkerteknikk.no\/en\/wp-json\/wp\/v2\/comments?post=384"}],"version-history":[{"count":3,"href":"https:\/\/www.dykkerteknikk.no\/en\/wp-json\/wp\/v2\/pages\/384\/revisions"}],"predecessor-version":[{"id":735,"href":"https:\/\/www.dykkerteknikk.no\/en\/wp-json\/wp\/v2\/pages\/384\/revisions\/735"}],"wp:attachment":[{"href":"https:\/\/www.dykkerteknikk.no\/en\/wp-json\/wp\/v2\/media?parent=384"}],"curies":[{"name":"wp","href":"https:\/\/api.w.org\/{rel}","templated":true}]}}