{"id":410,"date":"2024-10-16T12:58:27","date_gmt":"2024-10-16T10:58:27","guid":{"rendered":"https:\/\/new.dykkerteknikk.no\/?page_id=410"},"modified":"2025-01-27T10:33:50","modified_gmt":"2025-01-27T09:33:50","slug":"sustainability","status":"publish","type":"page","link":"https:\/\/www.dykkerteknikk.no\/en\/sustainability\/","title":{"rendered":"Sustainability"},"content":{"rendered":"<p>For any inputs on how we as a contractor can improve the climate and environment impact of our goods and services, please email us at&nbsp;<a href=\"mailto:post@dykkerteknikk.no\">post@dykkerteknikk.no<\/a>.<\/p>\n\n\n\n<div data-wp-interactive=\"core\/file\" class=\"wp-block-file\"><object data-wp-bind--hidden=\"!state.hasPdfPreview\" hidden class=\"wp-block-file__embed\" data=\"https:\/\/www.dykkerteknikk.no\/wp-content\/uploads\/2025\/01\/Sertifikat09012025-Dykkerteknikk-AS.pdf\" type=\"application\/pdf\" style=\"width:100%;height:1200px\" aria-label=\"Embed of Sertifikat Dykkerteknikk AS.\"><\/object><a id=\"wp-block-file--media-f4bddf23-fad1-4710-9d67-36be6e0a2d27\" href=\"https:\/\/www.dykkerteknikk.no\/wp-content\/uploads\/2025\/01\/Sertifikat09012025-Dykkerteknikk-AS.pdf\" target=\"_blank\" rel=\"noreferrer noopener\">Sertifikat Dykkerteknikk AS<\/a><a href=\"https:\/\/www.dykkerteknikk.no\/wp-content\/uploads\/2025\/01\/Sertifikat09012025-Dykkerteknikk-AS.pdf\" class=\"wp-block-file__button wp-element-button\" download aria-describedby=\"wp-block-file--media-f4bddf23-fad1-4710-9d67-36be6e0a2d27\">Download PDF<\/a><\/div>\n\n\n\n<p><\/p>\n\n\n\n<p><a href=\"\/en\/miljofyrtarn-sertifikat\/\">See our Milj\u00f8fyrt\u00e5rn certificate here.<\/a><\/p>","protected":false},"excerpt":{"rendered":"<p>Hvis dere har innspill til hvordan vi som entrepren\u00f8r kan forbedre klima- og milj\u00f8p\u00e5virkning av varer og tjenester, send mail til&nbsp;post@dykkerteknikk.no. Se Milj\u00f8fyrt\u00e5rn sertifikat her.<\/p>","protected":false},"author":1,"featured_media":0,"parent":0,"menu_order":0,"comment_status":"closed","ping_status":"closed","template":"","meta":{"_acf_changed":false,"footnotes":""},"class_list":["post-410","page","type-page","status-publish"],"acf":[],"_links":{"self":[{"href":"https:\/\/www.dykkerteknikk.no\/en\/wp-json\/wp\/v2\/pages\/410","targetHints":{"allow":["GET"]}}],"collection":[{"href":"https:\/\/www.dykkerteknikk.no\/en\/wp-json\/wp\/v2\/pages"}],"about":[{"href":"https:\/\/www.dykkerteknikk.no\/en\/wp-json\/wp\/v2\/types\/page"}],"author":[{"embeddable":true,"href":"https:\/\/www.dykkerteknikk.no\/en\/wp-json\/wp\/v2\/users\/1"}],"replies":[{"embeddable":true,"href":"https:\/\/www.dykkerteknikk.no\/en\/wp-json\/wp\/v2\/comments?post=410"}],"version-history":[{"count":10,"href":"https:\/\/www.dykkerteknikk.no\/en\/wp-json\/wp\/v2\/pages\/410\/revisions"}],"predecessor-version":[{"id":710,"href":"https:\/\/www.dykkerteknikk.no\/en\/wp-json\/wp\/v2\/pages\/410\/revisions\/710"}],"wp:attachment":[{"href":"https:\/\/www.dykkerteknikk.no\/en\/wp-json\/wp\/v2\/media?parent=410"}],"curies":[{"name":"wp","href":"https:\/\/api.w.org\/{rel}","templated":true}]}}